{"id":391,"date":"2023-08-18T20:44:30","date_gmt":"2023-08-18T20:44:30","guid":{"rendered":"https:\/\/scbs.md\/?page_id=391"},"modified":"2023-08-18T20:52:53","modified_gmt":"2023-08-18T20:52:53","slug":"privacy-policy","status":"publish","type":"page","link":"https:\/\/scbs.md\/ru\/privacy-policy\/","title":{"rendered":"Privacy Policy"},"content":{"rendered":"<div data-elementor-type=\"wp-page\" data-elementor-id=\"391\" class=\"elementor elementor-391\" data-elementor-post-type=\"page\">\n\t\t\t\t\t\t\t<div class=\"elementor-element elementor-element-4552dfa e-con-full e-flex e-con\" data-id=\"4552dfa\" data-element_type=\"container\" data-settings=\"{&quot;content_width&quot;:&quot;full&quot;}\">\n\t\t\t\t<div class=\"elementor-element elementor-element-05ace20 elementor-widget-mobile__width-initial elementor-headline--style-highlight elementor-widget elementor-widget-animated-headline\" data-id=\"05ace20\" data-element_type=\"widget\" data-settings=\"{&quot;marker&quot;:&quot;underline&quot;,&quot;highlighted_text&quot;:&quot;Confiden\\u021bialitate&quot;,&quot;headline_style&quot;:&quot;highlight&quot;,&quot;highlight_animation_duration&quot;:1200}\" data-widget_type=\"animated-headline.default\">\n\t\t\t\t<div class=\"elementor-widget-container\">\n\t\t\t<link rel=\"stylesheet\" href=\"https:\/\/scbs.md\/wp-content\/plugins\/elementor-pro\/assets\/css\/widget-animated-headline.min.css\">\t\t<h3 class=\"elementor-headline\">\n\t\t\t\t\t<span class=\"elementor-headline-plain-text elementor-headline-text-wrapper\">\u041f\u043e\u043b\u0438\u0442\u0438\u043a\u0430 <br><\/span>\n\t\t\t\t<span class=\"elementor-headline-dynamic-wrapper elementor-headline-text-wrapper\">\n\t\t\t\t\t<span class=\"elementor-headline-dynamic-text elementor-headline-text-active\">\u041a\u043e\u043d\u0444\u0438\u0434\u0435\u043d\u0446\u0438\u0430\u043b\u044c\u043d\u043e\u0441\u0442\u0438<\/span>\n\t\t\t\t<\/span>\n\t\t\t\t<\/h3>\n\t\t\t\t<\/div>\n\t\t\t\t<\/div>\n\t\t\t\t<\/div>\n\t\t<div class=\"elementor-element elementor-element-7d10033 e-con-full e-flex e-con\" data-id=\"7d10033\" data-element_type=\"container\" data-settings=\"{&quot;content_width&quot;:&quot;full&quot;}\">\n\t\t\t\t<div class=\"elementor-element elementor-element-6d4437e elementor-widget elementor-widget-heading\" data-id=\"6d4437e\" data-element_type=\"widget\" data-widget_type=\"heading.default\">\n\t\t\t\t<div class=\"elementor-widget-container\">\n\t\t\t<style>\/*! elementor - v3.14.0 - 18-06-2023 *\/\n.elementor-heading-title{padding:0;margin:0;line-height:1}.elementor-widget-heading .elementor-heading-title[class*=elementor-size-]>a{color:inherit;font-size:inherit;line-height:inherit}.elementor-widget-heading .elementor-heading-title.elementor-size-small{font-size:15px}.elementor-widget-heading .elementor-heading-title.elementor-size-medium{font-size:19px}.elementor-widget-heading .elementor-heading-title.elementor-size-large{font-size:29px}.elementor-widget-heading .elementor-heading-title.elementor-size-xl{font-size:39px}.elementor-widget-heading .elementor-heading-title.elementor-size-xxl{font-size:59px}<\/style><h2 class=\"elementor-heading-title elementor-size-default\">1. \u041e \u043d\u0430\u0441<\/h2>\t\t<\/div>\n\t\t\t\t<\/div>\n\t\t\t\t<div class=\"elementor-element elementor-element-c22daba elementor-widget elementor-widget-text-editor\" data-id=\"c22daba\" data-element_type=\"widget\" data-widget_type=\"text-editor.default\">\n\t\t\t\t<div class=\"elementor-widget-container\">\n\t\t\t<style>\/*! elementor - v3.14.0 - 18-06-2023 *\/\n.elementor-widget-text-editor.elementor-drop-cap-view-stacked .elementor-drop-cap{background-color:#69727d;color:#fff}.elementor-widget-text-editor.elementor-drop-cap-view-framed .elementor-drop-cap{color:#69727d;border:3px solid;background-color:transparent}.elementor-widget-text-editor:not(.elementor-drop-cap-view-default) .elementor-drop-cap{margin-top:8px}.elementor-widget-text-editor:not(.elementor-drop-cap-view-default) .elementor-drop-cap-letter{width:1em;height:1em}.elementor-widget-text-editor .elementor-drop-cap{float:left;text-align:center;line-height:1;font-size:50px}.elementor-widget-text-editor .elementor-drop-cap-letter{display:inline-block}<\/style>\t\t\t\t<p>\u0421\u0430\u0439\u0442 www.scbs.md \u043f\u0440\u0435\u0434\u0441\u0442\u0430\u0432\u043b\u0435\u043d \u041e\u0431\u0449\u0435\u0441\u0442\u0432\u043e\u043c \u0441 \u043e\u0433\u0440\u0430\u043d\u0438\u0447\u0435\u043d\u043d\u043e\u0439 \u043e\u0442\u0432\u0435\u0442\u0441\u0442\u0432\u0435\u043d\u043d\u043e\u0441\u0442\u044c\u044e \"ADVANCED CONSULTING\" SRL, \u043e\u0444\u0438\u0441 \u043a\u043e\u0442\u043e\u0440\u043e\u0433\u043e \u043d\u0430\u0445\u043e\u0434\u0438\u0442\u0441\u044f \u043f\u043e \u0430\u0434\u0440\u0435\u0441\u0443: \u0443\u043b. \u0410\u043b\u0435\u043a\u0441\u0430\u043d\u0434\u0440\u0443 \u0425\u0430\u0436\u0434\u0435\u0443, 94,<\/p><p>E-mail: info@aconsulting.md<\/p><p>Tel: (+373)68459599,<\/p><p>(+373)68213355,<\/p><p>(+373) 22 541030,<\/p><p>mun. Chi\u015fin\u0103u, Republica Moldova.<\/p><p>\u0424\u0438\u0441\u043a\u0430\u043b\u044c\u043d\u044b\u0439 \u043a\u043e\u0434: 1013600018716<\/p><p>IBAN:\u00a0 MD76VI000002224517634MDL<\/p><p>\u041d\u0430\u0437\u0432\u0430\u043d\u0438\u0435 \u0431\u0430\u043d\u043a\u0430: BD \"VICTORIABANK\" SA Fil. 17 \u041a\u0438\u0448\u0438\u043d\u0435\u0432<\/p><p>\u0411\u0430\u043d\u043a\u043e\u0432\u0441\u043a\u0438\u0439 \u043a\u043e\u0434: VICBMD2X457<\/p>\t\t\t\t\t\t<\/div>\n\t\t\t\t<\/div>\n\t\t\t\t<div class=\"elementor-element elementor-element-d20734f elementor-widget elementor-widget-heading\" data-id=\"d20734f\" data-element_type=\"widget\" data-widget_type=\"heading.default\">\n\t\t\t\t<div class=\"elementor-widget-container\">\n\t\t\t<h2 class=\"elementor-heading-title elementor-size-default\">2. \u041a\u0430\u043a\u0438\u0435 \u0434\u0430\u043d\u043d\u044b\u0435 \u043e \u0432\u0430\u0441 \u043c\u044b \u043e\u0431\u0440\u0430\u0431\u0430\u0442\u044b\u0432\u0430\u0435\u043c<\/h2>\t\t<\/div>\n\t\t\t\t<\/div>\n\t\t\t\t<div class=\"elementor-element elementor-element-2377066 elementor-widget elementor-widget-text-editor\" data-id=\"2377066\" data-element_type=\"widget\" data-widget_type=\"text-editor.default\">\n\t\t\t\t<div class=\"elementor-widget-container\">\n\t\t\t\t\t\t\t<p>\u041a\u043e\u0433\u0434\u0430 \u0432\u044b \u043f\u043e\u0441\u0435\u0449\u0430\u0435\u0442\u0435 \u043d\u0430\u0448 \u0441\u0430\u0439\u0442, \u043c\u044b \u043e\u0431\u0440\u0430\u0431\u0430\u0442\u044b\u0432\u0430\u0435\u043c \u0441\u043b\u0435\u0434\u0443\u044e\u0449\u0438\u0435 \u0434\u0430\u043d\u043d\u044b\u0435 \u043e \u0432\u0430\u0448\u0435\u043c \u043f\u043e\u043b\u044c\u0437\u043e\u0432\u0430\u043d\u0438\u0438 \u0441\u0430\u0439\u0442\u043e\u043c.<\/p><p>\u041c\u044b \u0441\u043e\u0431\u0438\u0440\u0430\u0435\u043c \u0438 \u043e\u0431\u0440\u0430\u0431\u0430\u0442\u044b\u0432\u0430\u0435\u043c \u0440\u0430\u0437\u043b\u0438\u0447\u043d\u044b\u0435 \u043a\u0430\u0442\u0435\u0433\u043e\u0440\u0438\u0438 \u043f\u0435\u0440\u0441\u043e\u043d\u0430\u043b\u044c\u043d\u044b\u0445 \u0434\u0430\u043d\u043d\u044b\u0445, \u043f\u043e\u0441\u0442\u0443\u043f\u0430\u044e\u0449\u0438\u0445 \u043e\u0442 \u0412\u0430\u0441 \u043a\u0430\u043a \u043e\u0442 \u043f\u043e\u043b\u044c\u0437\u043e\u0432\u0430\u0442\u0435\u043b\u044f \u0441\u0430\u0439\u0442\u0430 www.scbs.md, \u0432 \u0441\u043e\u043e\u0442\u0432\u0435\u0442\u0441\u0442\u0432\u0438\u0438 \u0441 \u0437\u0430\u043a\u043e\u043d\u043e\u0434\u0430\u0442\u0435\u043b\u044c\u0441\u0442\u0432\u043e\u043c \u0420\u0435\u0441\u043f\u0443\u0431\u043b\u0438\u043a\u0438 \u041c\u043e\u043b\u0434\u043e\u0432\u0430 \u043e \u0437\u0430\u0449\u0438\u0442\u0435 \u043f\u0435\u0440\u0441\u043e\u043d\u0430\u043b\u044c\u043d\u044b\u0445 \u0434\u0430\u043d\u043d\u044b\u0445, \u0447\u0442\u043e \u0434\u0435\u043b\u0430\u0435\u0442 \u043d\u0430\u0441 \u043a\u043e\u043d\u0442\u0440\u043e\u043b\u0435\u0440\u043e\u043c \u0442\u0430\u043a\u0438\u0445 \u0434\u0430\u043d\u043d\u044b\u0445. \u0417\u0430\u0449\u0438\u0442\u0430 \u0412\u0430\u0448\u0438\u0445 \u043f\u0435\u0440\u0441\u043e\u043d\u0430\u043b\u044c\u043d\u044b\u0445 \u0434\u0430\u043d\u043d\u044b\u0445 \u043e\u0447\u0435\u043d\u044c \u0432\u0430\u0436\u043d\u0430 \u0434\u043b\u044f \u043d\u0430\u0441. \u041d\u0430\u0441\u0442\u043e\u044f\u0449\u0435\u0435 \u0438\u043d\u0444\u043e\u0440\u043c\u0430\u0446\u0438\u043e\u043d\u043d\u043e\u0435 \u0441\u043e\u043e\u0431\u0449\u0435\u043d\u0438\u0435 \u043e\u0431 \u043e\u0431\u0440\u0430\u0431\u043e\u0442\u043a\u0435 \u043f\u0435\u0440\u0441\u043e\u043d\u0430\u043b\u044c\u043d\u044b\u0445 \u0434\u0430\u043d\u043d\u044b\u0445 \u043e\u043f\u0438\u0441\u044b\u0432\u0430\u0435\u0442 \u043d\u0430\u0448\u0443 \u043f\u0440\u0430\u043a\u0442\u0438\u043a\u0443 \u0432 \u043e\u0442\u043d\u043e\u0448\u0435\u043d\u0438\u0438 \u0441\u0431\u043e\u0440\u0430 \u0438 \u0438\u0441\u043f\u043e\u043b\u044c\u0437\u043e\u0432\u0430\u043d\u0438\u044f \u043d\u0430\u043c\u0438 \u0432\u0430\u0448\u0438\u0445 \u043f\u0435\u0440\u0441\u043e\u043d\u0430\u043b\u044c\u043d\u044b\u0445 \u0434\u0430\u043d\u043d\u044b\u0445 \u0432 \u0440\u0435\u0437\u0443\u043b\u044c\u0442\u0430\u0442\u0435 \u0432\u0430\u0448\u0435\u0433\u043e \u0432\u0437\u0430\u0438\u043c\u043e\u0434\u0435\u0439\u0441\u0442\u0432\u0438\u044f \u0441 \u043d\u0430\u0448\u0438\u043c \u0432\u0435\u0431-\u0441\u0430\u0439\u0442\u043e\u043c.<\/p>\t\t\t\t\t\t<\/div>\n\t\t\t\t<\/div>\n\t\t\t\t<div class=\"elementor-element elementor-element-039acfe elementor-widget elementor-widget-heading\" data-id=\"039acfe\" data-element_type=\"widget\" data-widget_type=\"heading.default\">\n\t\t\t\t<div class=\"elementor-widget-container\">\n\t\t\t<h2 class=\"elementor-heading-title elementor-size-default\">2.1 \u0418\u0441\u043f\u043e\u043b\u044c\u0437\u043e\u0432\u0430\u043d\u0438\u0435 \u0432\u0435\u0431-\u0441\u0430\u0439\u0442\u0430<\/h2>\t\t<\/div>\n\t\t\t\t<\/div>\n\t\t\t\t<div class=\"elementor-element elementor-element-e084e98 elementor-widget elementor-widget-text-editor\" data-id=\"e084e98\" data-element_type=\"widget\" data-widget_type=\"text-editor.default\">\n\t\t\t\t<div class=\"elementor-widget-container\">\n\t\t\t\t\t\t\t<p>\u0421\u0430\u0439\u0442 \u0430\u0432\u0442\u043e\u043c\u0430\u0442\u0438\u0447\u0435\u0441\u043a\u0438 \u0441\u043e\u0431\u0438\u0440\u0430\u0435\u0442 \u043e\u043f\u0440\u0435\u0434\u0435\u043b\u0435\u043d\u043d\u0443\u044e \u0438\u043d\u0444\u043e\u0440\u043c\u0430\u0446\u0438\u044e \u0438 \u0441\u043e\u0445\u0440\u0430\u043d\u044f\u0435\u0442 \u0435\u0435 \u0432 \u0444\u0430\u0439\u043b\u0430\u0445 \u0436\u0443\u0440\u043d\u0430\u043b\u0430. \u042d\u0442\u0430 \u0438\u043d\u0444\u043e\u0440\u043c\u0430\u0446\u0438\u044f \u0432\u043a\u043b\u044e\u0447\u0430\u0435\u0442 \u0432 \u0441\u0435\u0431\u044f \u0430\u0434\u0440\u0435\u0441 \u0418\u043d\u0442\u0435\u0440\u043d\u0435\u0442-\u043f\u0440\u043e\u0442\u043e\u043a\u043e\u043b\u0430 (IP), \u043e\u0431\u0449\u0435\u0435 \u043c\u0435\u0441\u0442\u043e\u043f\u043e\u043b\u043e\u0436\u0435\u043d\u0438\u0435 \u0432\u0430\u0448\u0435\u0433\u043e \u043a\u043e\u043c\u043f\u044c\u044e\u0442\u0435\u0440\u0430 \u0438\u043b\u0438 \u0443\u0441\u0442\u0440\u043e\u0439\u0441\u0442\u0432\u0430 (\u043d\u0430 \u0443\u0440\u043e\u0432\u043d\u0435 \u0433\u043e\u0440\u043e\u0434\u0430), \u0442\u0438\u043f \u0431\u0440\u0430\u0443\u0437\u0435\u0440\u0430, \u043e\u043f\u0435\u0440\u0430\u0446\u0438\u043e\u043d\u043d\u0443\u044e \u0441\u0438\u0441\u0442\u0435\u043c\u0443, \u0432\u0440\u0435\u043c\u044f \u0434\u043e\u0441\u0442\u0443\u043f\u0430, \u0441\u0441\u044b\u043b\u043a\u0443 \u043d\u0430 \u043e\u0442\u043a\u0440\u044b\u0442\u0443\u044e \u0441\u0442\u0440\u0430\u043d\u0438\u0446\u0443, \u0438\u0441\u0442\u043e\u0440\u0438\u044e \u043f\u0440\u043e\u0441\u043c\u043e\u0442\u0440\u0430 \u0441\u0442\u0440\u0430\u043d\u0438\u0446 \u043d\u0430\u0448\u0435\u0433\u043e \u0441\u0430\u0439\u0442\u0430, \u0438\u043d\u0444\u043e\u0440\u043c\u0430\u0446\u0438\u044e \u043e\u0431 \u0443\u0441\u0442\u0440\u043e\u0439\u0441\u0442\u0432\u0435, \u043f\u0440\u043e\u0441\u043c\u043e\u0442\u0440\u0435\u043d\u043d\u044b\u0435 \u043f\u0440\u043e\u0433\u0440\u0430\u043c\u043c\u044b, \u0438\u0434\u0435\u043d\u0442\u0438\u0444\u0438\u043a\u0430\u0442\u043e\u0440 \u0443\u0441\u0442\u0440\u043e\u0439\u0441\u0442\u0432\u0430 (\u0443\u0432\u0435\u0434\u043e\u043c\u043b\u0435\u043d\u0438\u044f \u0438 \u0438\u0434\u0435\u043d\u0442\u0438\u0444\u0438\u043a\u0430\u0446\u0438\u044f), \u043c\u0435\u0442\u043a\u0443 \u0432\u0440\u0435\u043c\u0435\u043d\u0438, \u0437\u0430\u043f\u0440\u043e\u0441\/\u0434\u0435\u0439\u0441\u0442\u0432\u0438\u0435. \u041c\u044b \u0438\u0441\u043f\u043e\u043b\u044c\u0437\u0443\u0435\u043c \u044d\u0442\u0443 \u0438\u043d\u0444\u043e\u0440\u043c\u0430\u0446\u0438\u044e \u0434\u043b\u044f \u0442\u043e\u0433\u043e, \u0447\u0442\u043e\u0431\u044b \u0440\u0430\u0437\u0440\u0430\u0431\u0430\u0442\u044b\u0432\u0430\u0442\u044c \u043d\u0430\u0448 \u0441\u0430\u0439\u0442 \u0438 \u043f\u0440\u0438\u043b\u043e\u0436\u0435\u043d\u0438\u0435 \u0441 \u0443\u0447\u0435\u0442\u043e\u043c \u043f\u043e\u0442\u0440\u0435\u0431\u043d\u043e\u0441\u0442\u0435\u0439 \u043d\u0430\u0448\u0438\u0445 \u043f\u043e\u043b\u044c\u0437\u043e\u0432\u0430\u0442\u0435\u043b\u0435\u0439. \u041c\u044b \u0442\u0430\u043a\u0436\u0435 \u043c\u043e\u0436\u0435\u043c \u0438\u0441\u043f\u043e\u043b\u044c\u0437\u043e\u0432\u0430\u0442\u044c \u0432\u0430\u0448 IP-\u0430\u0434\u0440\u0435\u0441 \u0434\u043b\u044f \u0434\u0438\u0430\u0433\u043d\u043e\u0441\u0442\u0438\u043a\u0438 \u043f\u0440\u043e\u0431\u043b\u0435\u043c \u0441 \u043d\u0430\u0448\u0438\u043c\u0438 \u0441\u0435\u0440\u0432\u0435\u0440\u0430\u043c\u0438 \u0438 \u0430\u0434\u043c\u0438\u043d\u0438\u0441\u0442\u0440\u0438\u0440\u043e\u0432\u0430\u043d\u0438\u044f \u043d\u0430\u0448\u0435\u0433\u043e \u0441\u0430\u0439\u0442\u0430, \u0430\u043d\u0430\u043b\u0438\u0437\u0430 \u0442\u0435\u043d\u0434\u0435\u043d\u0446\u0438\u0439, \u043e\u0442\u0441\u043b\u0435\u0436\u0438\u0432\u0430\u043d\u0438\u044f \u043f\u0435\u0440\u0435\u043c\u0435\u0449\u0435\u043d\u0438\u044f \u043f\u043e\u0441\u0435\u0442\u0438\u0442\u0435\u043b\u0435\u0439 \u0438 \u0441\u0431\u043e\u0440\u0430 \u0448\u0438\u0440\u043e\u043a\u043e\u0439 \u0434\u0435\u043c\u043e\u0433\u0440\u0430\u0444\u0438\u0447\u0435\u0441\u043a\u043e\u0439 \u0438\u043d\u0444\u043e\u0440\u043c\u0430\u0446\u0438\u0438, \u043f\u043e\u043c\u043e\u0433\u0430\u044e\u0449\u0435\u0439 \u043d\u0430\u043c \u043e\u043f\u0440\u0435\u0434\u0435\u043b\u0438\u0442\u044c \u043f\u0440\u0435\u0434\u043f\u043e\u0447\u0442\u0435\u043d\u0438\u044f \u043f\u043e\u0441\u0435\u0442\u0438\u0442\u0435\u043b\u0435\u0439. \u041e\u0441\u043d\u043e\u0432\u0430\u043d\u0438\u0435\u043c \u0434\u043b\u044f \u0442\u0430\u043a\u043e\u0439 \u043e\u0431\u0440\u0430\u0431\u043e\u0442\u043a\u0438 \u044f\u0432\u043b\u044f\u0435\u0442\u0441\u044f \u043d\u0430\u0448\u0430 \u0437\u0430\u043a\u043e\u043d\u043d\u0430\u044f \u0437\u0430\u0438\u043d\u0442\u0435\u0440\u0435\u0441\u043e\u0432\u0430\u043d\u043d\u043e\u0441\u0442\u044c \u0432 \u043c\u043e\u043d\u0438\u0442\u043e\u0440\u0438\u043d\u0433\u0435 \u0430\u043a\u0442\u0438\u0432\u043d\u043e\u0441\u0442\u0438 \u0441\u0430\u0439\u0442\u0430 \u0438 \u043e\u0431\u0435\u0441\u043f\u0435\u0447\u0435\u043d\u0438\u0438 \u0435\u0433\u043e \u0431\u0435\u0437\u043e\u043f\u0430\u0441\u043d\u043e\u0441\u0442\u0438. \u0414\u0430\u043d\u043d\u044b\u0435 \u0445\u0440\u0430\u043d\u044f\u0442\u0441\u044f \u0432 \u0442\u0435\u0447\u0435\u043d\u0438\u0435 \u043e\u0434\u043d\u043e\u0433\u043e \u0433\u043e\u0434\u0430 \u0441 \u043c\u043e\u043c\u0435\u043d\u0442\u0430 \u043f\u043e\u0441\u0435\u0449\u0435\u043d\u0438\u044f \u0441\u0430\u0439\u0442\u0430.<\/p>\t\t\t\t\t\t<\/div>\n\t\t\t\t<\/div>\n\t\t\t\t<\/div>\n\t\t\t\t\t\t\t<\/div>","protected":false},"excerpt":{"rendered":"<p>Politica de Confiden\u021bialitate 1. Despre noi www.scbs.md este reprezentat\u0103 de Societatea cu Raspundere Limitat\u0103: \u201cADVANCED CONSULTING\u201d SRL, cu oficiul pe str. Alexandru H\u00e2jdeu, 94, E-mail: info@aconsulting.md Tel: (+373)68459599, (+373)68213355, (+373) 22 541030, mun. Chi\u015fin\u0103u, Republica Moldova. Cod fiscal: 1013600018716 IBAN:\u00a0 MD76VI000002224517634MDL Denumirea B\u0103ncii: BD \u201cVICTORIABANK\u201d SA Fil. 17 Chi\u015fin\u0103u Codul b\u0103ncii: VICBMD2X457 2. Ce date &hellip;<\/p>\n<p class=\"read-more\"> <a class=\"\" href=\"https:\/\/scbs.md\/ru\/privacy-policy\/\"> <span class=\"screen-reader-text\">Privacy Policy<\/span> \u0427\u0438\u0442\u0430\u0442\u044c \u0434\u0430\u043b\u0435\u0435 &raquo;<\/a><\/p>","protected":false},"author":1,"featured_media":0,"parent":0,"menu_order":0,"comment_status":"closed","ping_status":"closed","template":"","meta":{"site-sidebar-layout":"no-sidebar","site-content-layout":"page-builder","ast-global-header-display":"","ast-banner-title-visibility":"","ast-main-header-display":"","ast-hfb-above-header-display":"","ast-hfb-below-header-display":"","ast-hfb-mobile-header-display":"","site-post-title":"disabled","ast-breadcrumbs-content":"","ast-featured-img":"disabled","footer-sml-layout":"","theme-transparent-header-meta":"","adv-header-id-meta":"","stick-header-meta":"","header-above-stick-meta":"","header-main-stick-meta":"","header-below-stick-meta":"","footnotes":""},"class_list":["post-391","page","type-page","status-publish","hentry"],"_links":{"self":[{"href":"https:\/\/scbs.md\/ru\/wp-json\/wp\/v2\/pages\/391","targetHints":{"allow":["GET"]}}],"collection":[{"href":"https:\/\/scbs.md\/ru\/wp-json\/wp\/v2\/pages"}],"about":[{"href":"https:\/\/scbs.md\/ru\/wp-json\/wp\/v2\/types\/page"}],"author":[{"embeddable":true,"href":"https:\/\/scbs.md\/ru\/wp-json\/wp\/v2\/users\/1"}],"replies":[{"embeddable":true,"href":"https:\/\/scbs.md\/ru\/wp-json\/wp\/v2\/comments?post=391"}],"version-history":[{"count":4,"href":"https:\/\/scbs.md\/ru\/wp-json\/wp\/v2\/pages\/391\/revisions"}],"predecessor-version":[{"id":395,"href":"https:\/\/scbs.md\/ru\/wp-json\/wp\/v2\/pages\/391\/revisions\/395"}],"wp:attachment":[{"href":"https:\/\/scbs.md\/ru\/wp-json\/wp\/v2\/media?parent=391"}],"curies":[{"name":"wp","href":"https:\/\/api.w.org\/{rel}","templated":true}]}}